{"id":2,"date":"2022-11-27T20:16:11","date_gmt":"2022-11-27T20:16:11","guid":{"rendered":"https:\/\/sserpente.com\/?page_id=2"},"modified":"2025-08-04T11:32:30","modified_gmt":"2025-08-04T11:32:30","slug":"impressum","status":"publish","type":"page","link":"https:\/\/sserpente.com\/index.php\/impressum\/","title":{"rendered":"Impressum"},"content":{"rendered":"\n<p><strong>Verantwortlich f\u00fcr den Inhalt:<\/strong><br>S. Serpente<br><br><strong>Kontakt:<\/strong><br>Stefanie Mikula (S. Serpente)<br>c\/o LEADERLY UG<br>(haftungsbeschr\u00e4nkt)<br>Amtstra\u00dfe 22<br>44575 Castrop-Rauxel<br>E-Mail: <a href=\"mailto:sserpente@gmx.at\">sserpente@gmx.at<\/a><br><br>Zweiter Kontaktweg (s\u00e4mtliche Social Media Kan\u00e4le, die im folgenden Link angegeben wurden, insbesondere TikTok und Instagram): <a href=\"https:\/\/sserpente.com\/index.php\/contact\/\">Kontakt<\/a><br><\/p>\n\n\n\n<p>Dieses Impressum gilt auch f\u00fcr alle meine Social Media Plattformen wie Facebook, Instagram, TikTok, Tumblr und Goodreads sowie andere Social Media Plattformen, auf welchen ich als Autorin auftrete.<\/p>\n\n\n\n<p>Angaben zur Online-Streitbeilegung: Verbraucher haben die M\u00f6glichkeit, Beschwerden an die OnlineStreitbeilegungsplattform der EU zu  richten:&nbsp;<a href=\"https:\/\/webgate.ec.europa.eu\/odr\/main\/index.cfm?event=main.home.show&amp;lng=DE\">http:\/\/ec.europa.eu\/odr<\/a>. Sie k\u00f6nnen allf\u00e4llige Beschwerde auch an die oben angegebene E-Mail-Adresse richten.<\/p>\n\n\n\n<p><\/p>\n\n\n\n<p>Informationspflicht laut \u00a75 E-Commerce Gesetz, \u00a714 Unternehmensgesetzbuch, \u00a763 Gewerbeordnung und Offenlegungspflicht laut \u00a725 Mediengesetz.<\/p>\n\n\n\n<p>Quelle: Erstellt&nbsp;mit dem <a href=\"https:\/\/www.firmenwebseiten.at\/impressum-generator\/\" target=\"_blank\" rel=\"noreferrer noopener\">Impressum Generator<\/a> von firmenwebseiten.at<\/p>\n\n\n\n<h2 class=\"wp-block-heading\">Urheberrechtshinweis<\/h2>\n\n\n\n<p>Alle Inhalte dieser Webseite (Bilder, Fotos, Texte, Videos) unterliegen dem Urheberrecht. Falls notwendig, werden wir die unerlaubte Nutzung von Teilen der Inhalte unserer Seite rechtlich verfolgen.<\/p>\n\n\n\n<h2 class=\"wp-block-heading\">EU-Streitschlichtung<\/h2>\n\n\n\n<p>Gem\u00e4\u00df Verordnung \u00fcber Online-Streitbeilegung in Verbraucherangelegenheiten (ODR-Verordnung) m\u00f6chten wir Sie \u00fcber die Online-Streitbeilegungsplattform (OS-Plattform) informieren.<br><br>Verbraucher haben die M\u00f6glichkeit, Beschwerden an die Online Streitbeilegungsplattform der Europ\u00e4ischen Kommission unter <a href=\"https:\/\/ec.europa.eu\/consumers\/odr\/main\/index.cfm?event=main.home2.show&amp;lng=DE\" target=\"_blank\" rel=\"noreferrer noopener\">http:\/\/ec.europa.eu\/odr?tid=221152775<\/a> zu richten. Die daf\u00fcr notwendigen Kontaktdaten finden Sie oberhalb in unserem Impressum.<\/p>\n\n\n\n<p>Wir m\u00f6chten Sie jedoch darauf hinweisen, dass wir nicht bereit oder verpflichtet sind, an Streitbeilegungsverfahren vor einer Verbraucherschlichtungsstelle teilzunehmen.<\/p>\n\n\n\n<h2 class=\"wp-block-heading\">Bildernachweis<\/h2>\n\n\n\n<p>Die Bilder, Fotos und Grafiken auf dieser Webseite sind, sofern nicht anderwertig bekanntgegeben, urheberrechtlich gesch\u00fctzt.<\/p>\n\n\n\n<h2 class=\"wp-block-heading\">Haftung f\u00fcr Inhalte dieser Website<\/h2>\n\n\n\n<p>Wir entwickeln die Inhalte dieser Website st\u00e4ndig weiter und bem\u00fchen uns korrekte und aktuelle Informationen bereitzustellen. Leider k\u00f6nnen wir keine Haftung f\u00fcr die Korrektheit aller Inhalte auf dieser Website \u00fcbernehmen, speziell f\u00fcr jene, die seitens Dritter bereitgestellt wurden. Als Diensteanbieter sind wir nicht verpflichtet, die von ihnen \u00fcbermittelten oder gespeicherten Informationen zu \u00fcberwachen oder nach Umst\u00e4nden zu forschen, die auf eine rechtswidrige T\u00e4tigkeit hinweisen.<\/p>\n\n\n\n<p>Unsere Verpflichtungen zur Entfernung von Informationen oder zur Sperrung der Nutzung von Informationen nach den allgemeinen Gesetzen aufgrund von gerichtlichen oder beh\u00f6rdlichen Anordnungen bleiben auch im Falle unserer Nichtverantwortlichkeit davon unber\u00fchrt.<\/p>\n\n\n\n<p>Sollten Ihnen problematische oder rechtswidrige Inhalte auffallen, bitte wir Sie uns umgehend zu kontaktieren, damit wir die rechtswidrigen Inhalte entfernen k\u00f6nnen. Sie finden die Kontaktdaten im Impressum.<\/p>\n\n\n\n<h2 class=\"wp-block-heading\">Haftung f\u00fcr Links auf dieser Website<\/h2>\n\n\n\n<p>Unsere Website enth\u00e4lt Links zu anderen Websites f\u00fcr deren Inhalt wir nicht verantwortlich sind. Haftung f\u00fcr verlinkte Websites besteht f\u00fcr uns nicht, da wir keine Kenntnis rechtswidriger T\u00e4tigkeiten hatten und haben, uns solche Rechtswidrigkeiten auch bisher nicht aufgefallen sind und wir Links sofort entfernen w\u00fcrden, wenn uns Rechtswidrigkeiten bekannt werden.<\/p>\n\n\n\n<p>Wenn Ihnen rechtswidrige Links auf unserer Website auffallen, bitte wir Sie uns zu kontaktieren. Sie finden die Kontaktdaten im Impressum.<\/p>\n\n\n\n<p><\/p>\n\n\n\n<p>Quelle: Erstellt&nbsp;mit dem&nbsp;<a href=\"https:\/\/www.firmenwebseiten.at\/datenschutz-generator\/\" target=\"_blank\" rel=\"noreferrer noopener\">Datenschutz Generator<\/a> von firmenwebseiten.at<\/p>\n\n\n\n<p><\/p>\n","protected":false},"excerpt":{"rendered":"<p>Verantwortlich f\u00fcr den Inhalt:S. Serpente Kontakt:Stefanie Mikula (S. Serpente)c\/o LEADERLY UG(haftungsbeschr\u00e4nkt)Amtstra\u00dfe 2244575 Castrop-RauxelE-Mail: sserpente@gmx.at Zweiter Kontaktweg (s\u00e4mtliche Social Media Kan\u00e4le, die im folgenden Link angegeben wurden, insbesondere TikTok und Instagram): Kontakt Dieses Impressum gilt auch f\u00fcr alle meine Social Media Plattformen wie Facebook, Instagram, TikTok, Tumblr und Goodreads sowie andere Social Media Plattformen, auf welchen [&hellip;]<\/p>\n","protected":false},"author":1,"featured_media":0,"parent":0,"menu_order":0,"comment_status":"closed","ping_status":"open","template":"","meta":{"footnotes":""},"class_list":["post-2","page","type-page","status-publish","hentry"],"aioseo_notices":[],"yoast_head":"<!-- This site is optimized with the Yoast SEO plugin v25.6 - https:\/\/yoast.com\/wordpress\/plugins\/seo\/ -->\n<title>Impressum - S Serpente<\/title>\n<meta name=\"description\" content=\"book formatting, book formatting service, book formatting services, book formatting service uk, book formatting services uk, interior book design, interior book design service, interior book design services, formatting for self-publishers, book design services for self-publishers, how much does formatting your book cost, book formatting costs, book formatting costs uk, book design, book design service, book design service uk, how to format a book, book formatting, cheap book formatting service, cheap book formatting, cheap book design, cheap interior book design, how much should I pay for book design, how much should I pay for book formatting, how much should I pay for interior book design, interior book layout, book layout, interior book layout service, book layout service, dark romance writer, dark romance books, dark romance lover, bad boy romance, bad boy romance book, romance writer, romance book, London romance, London romance book, celebrity romance, celebrity romance book, contemporary romance, contemporary romance book, contemporary romance writer, contemporary romance books, dark romance book, bad boy romance books, Austrian writer, Austrian author, german writer, german author, bilingual writer, bilingual author, cute romance, cute romance book, cute romance books\" \/>\n<meta name=\"robots\" content=\"index, follow, max-snippet:-1, max-image-preview:large, max-video-preview:-1\" \/>\n<link rel=\"canonical\" href=\"https:\/\/sserpente.com\/index.php\/impressum\/\" \/>\n<meta property=\"og:locale\" content=\"en_US\" \/>\n<meta property=\"og:type\" content=\"article\" \/>\n<meta property=\"og:title\" content=\"Impressum - S Serpente\" \/>\n<meta property=\"og:description\" content=\"book formatting, book formatting service, book formatting services, book formatting service uk, book formatting services uk, interior book design, interior book design service, interior book design services, formatting for self-publishers, book design services for self-publishers, how much does formatting your book cost, book formatting costs, book formatting costs uk, book design, book design service, book design service uk, how to format a book, book formatting, cheap book formatting service, cheap book formatting, cheap book design, cheap interior book design, how much should I pay for book design, how much should I pay for book formatting, how much should I pay for interior book design, interior book layout, book layout, interior book layout service, book layout service, dark romance writer, dark romance books, dark romance lover, bad boy romance, bad boy romance book, romance writer, romance book, London romance, London romance book, celebrity romance, celebrity romance book, contemporary romance, contemporary romance book, contemporary romance writer, contemporary romance books, dark romance book, bad boy romance books, Austrian writer, Austrian author, german writer, german author, bilingual writer, bilingual author, cute romance, cute romance book, cute romance books\" \/>\n<meta property=\"og:url\" content=\"https:\/\/sserpente.com\/index.php\/impressum\/\" \/>\n<meta property=\"og:site_name\" content=\"S Serpente\" \/>\n<meta property=\"article:modified_time\" content=\"2025-08-04T11:32:30+00:00\" \/>\n<meta name=\"twitter:card\" content=\"summary_large_image\" \/>\n<meta name=\"twitter:label1\" content=\"Est. reading time\" \/>\n\t<meta name=\"twitter:data1\" content=\"2 minutes\" \/>\n<script type=\"application\/ld+json\" class=\"yoast-schema-graph\">{\"@context\":\"https:\/\/schema.org\",\"@graph\":[{\"@type\":\"WebPage\",\"@id\":\"https:\/\/sserpente.com\/index.php\/impressum\/\",\"url\":\"https:\/\/sserpente.com\/index.php\/impressum\/\",\"name\":\"Impressum - S Serpente\",\"isPartOf\":{\"@id\":\"https:\/\/sserpente.com\/#website\"},\"datePublished\":\"2022-11-27T20:16:11+00:00\",\"dateModified\":\"2025-08-04T11:32:30+00:00\",\"description\":\"book formatting, book formatting service, book formatting services, book formatting service uk, book formatting services uk, interior book design, interior book design service, interior book design services, formatting for self-publishers, book design services for self-publishers, how much does formatting your book cost, book formatting costs, book formatting costs uk, book design, book design service, book design service uk, how to format a book, book formatting, cheap book formatting service, cheap book formatting, cheap book design, cheap interior book design, how much should I pay for book design, how much should I pay for book formatting, how much should I pay for interior book design, interior book layout, book layout, interior book layout service, book layout service, dark romance writer, dark romance books, dark romance lover, bad boy romance, bad boy romance book, romance writer, romance book, London romance, London romance book, celebrity romance, celebrity romance book, contemporary romance, contemporary romance book, contemporary romance writer, contemporary romance books, dark romance book, bad boy romance books, Austrian writer, Austrian author, german writer, german author, bilingual writer, bilingual author, cute romance, cute romance book, cute romance books\",\"breadcrumb\":{\"@id\":\"https:\/\/sserpente.com\/index.php\/impressum\/#breadcrumb\"},\"inLanguage\":\"en-US\",\"potentialAction\":[{\"@type\":\"ReadAction\",\"target\":[\"https:\/\/sserpente.com\/index.php\/impressum\/\"]}]},{\"@type\":\"BreadcrumbList\",\"@id\":\"https:\/\/sserpente.com\/index.php\/impressum\/#breadcrumb\",\"itemListElement\":[{\"@type\":\"ListItem\",\"position\":1,\"name\":\"Home\",\"item\":\"https:\/\/sserpente.com\/\"},{\"@type\":\"ListItem\",\"position\":2,\"name\":\"Impressum\"}]},{\"@type\":\"WebSite\",\"@id\":\"https:\/\/sserpente.com\/#website\",\"url\":\"https:\/\/sserpente.com\/\",\"name\":\"S Serpente\",\"description\":\"\",\"publisher\":{\"@id\":\"https:\/\/sserpente.com\/#\/schema\/person\/bcf52de5dc49a8ca9e56c4d7eedd47f9\"},\"potentialAction\":[{\"@type\":\"SearchAction\",\"target\":{\"@type\":\"EntryPoint\",\"urlTemplate\":\"https:\/\/sserpente.com\/?s={search_term_string}\"},\"query-input\":{\"@type\":\"PropertyValueSpecification\",\"valueRequired\":true,\"valueName\":\"search_term_string\"}}],\"inLanguage\":\"en-US\"},{\"@type\":[\"Person\",\"Organization\"],\"@id\":\"https:\/\/sserpente.com\/#\/schema\/person\/bcf52de5dc49a8ca9e56c4d7eedd47f9\",\"name\":\"sserpente\",\"image\":{\"@type\":\"ImageObject\",\"inLanguage\":\"en-US\",\"@id\":\"https:\/\/sserpente.com\/#\/schema\/person\/image\/\",\"url\":\"https:\/\/secure.gravatar.com\/avatar\/aae43cd2e08be96e1cc5da5ee33ffe325a1411151de275727aef46cfa8ce5cd6?s=96&d=mm&r=g\",\"contentUrl\":\"https:\/\/secure.gravatar.com\/avatar\/aae43cd2e08be96e1cc5da5ee33ffe325a1411151de275727aef46cfa8ce5cd6?s=96&d=mm&r=g\",\"caption\":\"sserpente\"},\"logo\":{\"@id\":\"https:\/\/sserpente.com\/#\/schema\/person\/image\/\"},\"sameAs\":[\"https:\/\/sserpente.com\"]}]}<\/script>\n<!-- \/ Yoast SEO plugin. -->","yoast_head_json":{"title":"Impressum - S Serpente","description":"book formatting, book formatting service, book formatting services, book formatting service uk, book formatting services uk, interior book design, interior book design service, interior book design services, formatting for self-publishers, book design services for self-publishers, how much does formatting your book cost, book formatting costs, book formatting costs uk, book design, book design service, book design service uk, how to format a book, book formatting, cheap book formatting service, cheap book formatting, cheap book design, cheap interior book design, how much should I pay for book design, how much should I pay for book formatting, how much should I pay for interior book design, interior book layout, book layout, interior book layout service, book layout service, dark romance writer, dark romance books, dark romance lover, bad boy romance, bad boy romance book, romance writer, romance book, London romance, London romance book, celebrity romance, celebrity romance book, contemporary romance, contemporary romance book, contemporary romance writer, contemporary romance books, dark romance book, bad boy romance books, Austrian writer, Austrian author, german writer, german author, bilingual writer, bilingual author, cute romance, cute romance book, cute romance books","robots":{"index":"index","follow":"follow","max-snippet":"max-snippet:-1","max-image-preview":"max-image-preview:large","max-video-preview":"max-video-preview:-1"},"canonical":"https:\/\/sserpente.com\/index.php\/impressum\/","og_locale":"en_US","og_type":"article","og_title":"Impressum - S Serpente","og_description":"book formatting, book formatting service, book formatting services, book formatting service uk, book formatting services uk, interior book design, interior book design service, interior book design services, formatting for self-publishers, book design services for self-publishers, how much does formatting your book cost, book formatting costs, book formatting costs uk, book design, book design service, book design service uk, how to format a book, book formatting, cheap book formatting service, cheap book formatting, cheap book design, cheap interior book design, how much should I pay for book design, how much should I pay for book formatting, how much should I pay for interior book design, interior book layout, book layout, interior book layout service, book layout service, dark romance writer, dark romance books, dark romance lover, bad boy romance, bad boy romance book, romance writer, romance book, London romance, London romance book, celebrity romance, celebrity romance book, contemporary romance, contemporary romance book, contemporary romance writer, contemporary romance books, dark romance book, bad boy romance books, Austrian writer, Austrian author, german writer, german author, bilingual writer, bilingual author, cute romance, cute romance book, cute romance books","og_url":"https:\/\/sserpente.com\/index.php\/impressum\/","og_site_name":"S Serpente","article_modified_time":"2025-08-04T11:32:30+00:00","twitter_card":"summary_large_image","twitter_misc":{"Est. reading time":"2 minutes"},"schema":{"@context":"https:\/\/schema.org","@graph":[{"@type":"WebPage","@id":"https:\/\/sserpente.com\/index.php\/impressum\/","url":"https:\/\/sserpente.com\/index.php\/impressum\/","name":"Impressum - S Serpente","isPartOf":{"@id":"https:\/\/sserpente.com\/#website"},"datePublished":"2022-11-27T20:16:11+00:00","dateModified":"2025-08-04T11:32:30+00:00","description":"book formatting, book formatting service, book formatting services, book formatting service uk, book formatting services uk, interior book design, interior book design service, interior book design services, formatting for self-publishers, book design services for self-publishers, how much does formatting your book cost, book formatting costs, book formatting costs uk, book design, book design service, book design service uk, how to format a book, book formatting, cheap book formatting service, cheap book formatting, cheap book design, cheap interior book design, how much should I pay for book design, how much should I pay for book formatting, how much should I pay for interior book design, interior book layout, book layout, interior book layout service, book layout service, dark romance writer, dark romance books, dark romance lover, bad boy romance, bad boy romance book, romance writer, romance book, London romance, London romance book, celebrity romance, celebrity romance book, contemporary romance, contemporary romance book, contemporary romance writer, contemporary romance books, dark romance book, bad boy romance books, Austrian writer, Austrian author, german writer, german author, bilingual writer, bilingual author, cute romance, cute romance book, cute romance books","breadcrumb":{"@id":"https:\/\/sserpente.com\/index.php\/impressum\/#breadcrumb"},"inLanguage":"en-US","potentialAction":[{"@type":"ReadAction","target":["https:\/\/sserpente.com\/index.php\/impressum\/"]}]},{"@type":"BreadcrumbList","@id":"https:\/\/sserpente.com\/index.php\/impressum\/#breadcrumb","itemListElement":[{"@type":"ListItem","position":1,"name":"Home","item":"https:\/\/sserpente.com\/"},{"@type":"ListItem","position":2,"name":"Impressum"}]},{"@type":"WebSite","@id":"https:\/\/sserpente.com\/#website","url":"https:\/\/sserpente.com\/","name":"S Serpente","description":"","publisher":{"@id":"https:\/\/sserpente.com\/#\/schema\/person\/bcf52de5dc49a8ca9e56c4d7eedd47f9"},"potentialAction":[{"@type":"SearchAction","target":{"@type":"EntryPoint","urlTemplate":"https:\/\/sserpente.com\/?s={search_term_string}"},"query-input":{"@type":"PropertyValueSpecification","valueRequired":true,"valueName":"search_term_string"}}],"inLanguage":"en-US"},{"@type":["Person","Organization"],"@id":"https:\/\/sserpente.com\/#\/schema\/person\/bcf52de5dc49a8ca9e56c4d7eedd47f9","name":"sserpente","image":{"@type":"ImageObject","inLanguage":"en-US","@id":"https:\/\/sserpente.com\/#\/schema\/person\/image\/","url":"https:\/\/secure.gravatar.com\/avatar\/aae43cd2e08be96e1cc5da5ee33ffe325a1411151de275727aef46cfa8ce5cd6?s=96&d=mm&r=g","contentUrl":"https:\/\/secure.gravatar.com\/avatar\/aae43cd2e08be96e1cc5da5ee33ffe325a1411151de275727aef46cfa8ce5cd6?s=96&d=mm&r=g","caption":"sserpente"},"logo":{"@id":"https:\/\/sserpente.com\/#\/schema\/person\/image\/"},"sameAs":["https:\/\/sserpente.com"]}]}},"jetpack_sharing_enabled":true,"_links":{"self":[{"href":"https:\/\/sserpente.com\/index.php\/wp-json\/wp\/v2\/pages\/2","targetHints":{"allow":["GET"]}}],"collection":[{"href":"https:\/\/sserpente.com\/index.php\/wp-json\/wp\/v2\/pages"}],"about":[{"href":"https:\/\/sserpente.com\/index.php\/wp-json\/wp\/v2\/types\/page"}],"author":[{"embeddable":true,"href":"https:\/\/sserpente.com\/index.php\/wp-json\/wp\/v2\/users\/1"}],"replies":[{"embeddable":true,"href":"https:\/\/sserpente.com\/index.php\/wp-json\/wp\/v2\/comments?post=2"}],"version-history":[{"count":6,"href":"https:\/\/sserpente.com\/index.php\/wp-json\/wp\/v2\/pages\/2\/revisions"}],"predecessor-version":[{"id":468,"href":"https:\/\/sserpente.com\/index.php\/wp-json\/wp\/v2\/pages\/2\/revisions\/468"}],"wp:attachment":[{"href":"https:\/\/sserpente.com\/index.php\/wp-json\/wp\/v2\/media?parent=2"}],"curies":[{"name":"wp","href":"https:\/\/api.w.org\/{rel}","templated":true}]}}