{"id":10,"date":"2020-08-09T22:19:19","date_gmt":"2020-08-09T20:19:19","guid":{"rendered":"https:\/\/sserpente.wordpress.com\/?page_id=9"},"modified":"2025-05-19T15:46:20","modified_gmt":"2025-05-19T15:46:20","slug":"about","status":"publish","type":"page","link":"https:\/\/sserpente.com\/index.php\/about\/","title":{"rendered":"About me \ud83d\udc0d"},"content":{"rendered":"\n<div style=\"height:20px\" aria-hidden=\"true\" class=\"wp-block-spacer\"><\/div>\n\n\n\n<div class=\"wp-block-group alignfull is-layout-flow wp-block-group-is-layout-flow\">\n<div class=\"wp-block-jetpack-layout-grid alignfull column1-desktop-grid__span-3 column1-desktop-grid__start-2 column1-desktop-grid__row-1 column2-desktop-grid__span-8 column2-desktop-grid__start-5 column2-desktop-grid__row-1 column1-tablet-grid__span-3 column1-tablet-grid__row-1 column2-tablet-grid__span-5 column2-tablet-grid__start-4 column2-tablet-grid__row-1 column1-mobile-grid__span-4 column1-mobile-grid__row-1 column2-mobile-grid__span-4 column2-mobile-grid__row-2\">\n<div class=\"wp-block-jetpack-layout-grid-column wp-block-jetpack-layout-grid__padding-none is-vertically-aligned-top\">\n<figure class=\"wp-block-image alignleft size-large is-resized is-style-circle-mask\"><img loading=\"lazy\" decoding=\"async\" width=\"1024\" height=\"1024\" src=\"https:\/\/sserpente.com\/wp-content\/uploads\/2022\/11\/IMG-20210427-WA0018-Kopie-1024x1024.jpg\" alt=\"\" class=\"wp-image-152\" style=\"width:279px;height:auto\" srcset=\"https:\/\/sserpente.com\/wp-content\/uploads\/2022\/11\/IMG-20210427-WA0018-Kopie-1024x1024.jpg 1024w, https:\/\/sserpente.com\/wp-content\/uploads\/2022\/11\/IMG-20210427-WA0018-Kopie-300x300.jpg 300w, https:\/\/sserpente.com\/wp-content\/uploads\/2022\/11\/IMG-20210427-WA0018-Kopie-150x150.jpg 150w, https:\/\/sserpente.com\/wp-content\/uploads\/2022\/11\/IMG-20210427-WA0018-Kopie-768x768.jpg 768w, https:\/\/sserpente.com\/wp-content\/uploads\/2022\/11\/IMG-20210427-WA0018-Kopie-1536x1536.jpg 1536w, https:\/\/sserpente.com\/wp-content\/uploads\/2022\/11\/IMG-20210427-WA0018-Kopie.jpg 1599w\" sizes=\"auto, (max-width: 1024px) 100vw, 1024px\" \/><\/figure>\n<\/div>\n\n\n\n<div class=\"wp-block-jetpack-layout-grid-column wp-block-jetpack-layout-grid__padding-none\">\n<p class=\"has-text-align-center has-dm-sans-font-family has-medium-font-size\"><strong><span style=\"text-decoration:underline;\">EN<\/span><\/strong><\/p>\n\n\n\n<p class=\"has-text-align-center has-dm-sans-font-family has-medium-font-size\"><em>Heyho there! I am Stefanie. Feel free to call me Stef!<\/em><\/p>\n\n\n\n<p class=\"has-text-align-justify has-dm-sans-font-family has-medium-font-size\">Writing is my passion. More than ten years ago now, I discovered fanfiction for myself and have been improving my skills ever since.<br>I have a bachelor&#8217;s degree in Applied Cultural science as well as a master&#8217;s degree in Visual Culture now work in the heart of London, where I&#8217;ve been living since April 2021, as a professional translator, writer and voice actress. \ud83c\uddec\ud83c\udde7<\/p>\n\n\n\n<p class=\"has-text-align-justify has-dm-sans-font-family has-medium-font-size\">I was born in 1997 in a small town in Carinthia which is in the south of Austria. If that sounds like it&#8217;s in the middle of nowhere&#8230; it pretty much is but it had its perks, like writing high up on a tree where no one could disturb your flow. \ud83c\udf33<\/p>\n\n\n\n<p class=\"has-text-align-justify has-dm-sans-font-family has-medium-font-size\">Oh and if you&#8217;re wondering where my pseudonym comes from, let me explain it to you: The S, not so surprisingly, stands for Stefanie. When I was thirteen, I was trying to find a cool and sophisticated sounding username for my old German fanfiction profile. What I came up with was &#8220;Serpente&#8221; which is the Italian word for snake. Besides, I&#8217;m a proud Slytherin. So there you go. I have been using it as my pseudonym ever since. \ud83d\udc0d<\/p>\n\n\n\n<p class=\"has-text-align-justify has-dm-sans-font-family has-medium-font-size\">If I&#8217;m not writing or reading and constantly running out of space for my books, I travel as much as I can, learn new languages and lose my mind at rock concerts and on a Friday night, you&#8217;ll likely find me in a theatre, the cinema or relaxing at home with a good book and a nice cuppa (or a glass of wine&#8230; I&#8217;m a real clich\u00e9 when it comes to that). \ud83d\udcda<\/p>\n\n\n\n<p class=\"has-text-align-justify has-dm-sans-font-family has-medium-font-size\">What else&#8230; I also spend a significant amount of time daydreaming about ficitional characters and I have a serious weakness for misunderstood villains. Loki is basically my husband. \ud83d\ude1c<\/p>\n\n\n\n<p class=\"has-dm-sans-font-family has-medium-font-size\"><\/p>\n\n\n\n<p class=\"has-text-align-center has-dm-sans-font-family has-medium-font-size\"><strong><span style=\"text-decoration:underline;\">DE<\/span><\/strong><\/p>\n\n\n\n<p class=\"has-text-align-center has-dm-sans-font-family has-medium-font-size\"><em>Heyho! Ich bin Stefanie. Nenn mich einfach Stef oder Steffi!<\/em><\/p>\n\n\n\n<p class=\"has-text-align-justify has-dm-sans-font-family has-medium-font-size\">Ich wurde 1997 in einer kleinen Stadt in K\u00e4rnten im S\u00fcden von \u00d6sterreich geboren. Wenn das jetzt klingt, als w\u00e4re es mitten im Nirgendwo, dann \u2026 ist das auch so. Um ehrlich zu sein, hatte es aber auch seine Vorteile, wie etwa hoch oben auf einem Baum zu schreiben, da, wo einen niemand st\u00f6ren kann. \ud83c\udf33<\/p>\n\n\n\n<p class=\"has-text-align-justify has-dm-sans-font-family has-medium-font-size\">Schreiben ist meine gr\u00f6\u00dfte Leidenschaft. Vor mehr als zehn Jahren entdeckte ich Fan Fiktion f\u00fcr mich selbst und arbeite seither tagt\u00e4glich an meinen Geschichten. Mit einem Bachelorabschluss in Angewandter Kulturwissenschaft und einem Masterabschluss in Visueller Kultur lebe ich seit April 2021 in London und arbeite als professionelle \u00dcbersetzerin, Schriftstellerin und Sprecherin.<\/p>\n\n\n\n<p class=\"has-text-align-justify has-dm-sans-font-family has-medium-font-size\">Oh, und falls Du dich gefragt hast, woher mein Pseudonym kommt, lass es mich Dir erkl\u00e4ren: Das S steht, wer h\u00e4tte das gedacht, f\u00fcr Stefanie. Ich war dreizehn, als ich mir einen coolen Usernamen f\u00fcr mein altes Fan Fiktion Profil ausdenken musste. So kam ich auf \u201eSerpente\u201c, das italienische Wort f\u00fcr Schlange. Abgesehen davon bin ich eine stolze Slytherin. Seither benutze ich S. Serpente als mein Pseudonym beim Schreiben. \ud83d\udc0d<\/p>\n\n\n\n<p class=\"has-text-align-justify has-dm-sans-font-family has-medium-font-size\">Wenn ich nicht gerade schreibe oder mir der Platz f\u00fcr neue B\u00fccher ausgeht, reise ich viel, lerne neue Sprachen und tanze mir bei Rockkonzerten die Seele aus dem Leib. An einem Freitagabend wirst du mich vermutlich im Theater, im Kino oder zuhause mit einem guten Buch und einer Tasse Tee (oder einem Glas Wein \u2026 was das angeht, bin ich ein echtes Klischee) antreffen. \ud83d\udcda<\/p>\n\n\n\n<p class=\"has-text-align-justify has-dm-sans-font-family has-medium-font-size\">Was noch \u2026 Sagen wir, ich verbringe ziemlich viel Zeit damit, von fiktiven Charakteren zu tr\u00e4umen und habe eine absolute Schw\u00e4che f\u00fcr missverstandene B\u00f6sewichte. Loki ist im Grunde mein Ehemann. \ud83d\ude1c<\/p>\n<\/div>\n<\/div>\n<\/div>\n","protected":false},"excerpt":{"rendered":"<p>EN Heyho there! I am Stefanie. Feel free to call me Stef! Writing is my passion. More than ten years ago now, I discovered fanfiction for myself and have been improving my skills ever since.I have a bachelor&#8217;s degree in Applied Cultural science as well as a master&#8217;s degree in Visual Culture now work in [&hellip;]<\/p>\n","protected":false},"author":1,"featured_media":36,"parent":0,"menu_order":0,"comment_status":"closed","ping_status":"closed","template":"","meta":{"footnotes":""},"class_list":["post-10","page","type-page","status-publish","has-post-thumbnail","hentry"],"aioseo_notices":[],"yoast_head":"<!-- This site is optimized with the Yoast SEO plugin v25.6 - https:\/\/yoast.com\/wordpress\/plugins\/seo\/ -->\n<title>About me \ud83d\udc0d - S Serpente<\/title>\n<meta name=\"description\" content=\"book formatting, book formatting service, book formatting services, book formatting service uk, book formatting services uk, interior book design, interior book design service, interior book design services, formatting for self-publishers, book design services for self-publishers, how much does formatting your book cost, book formatting costs, book formatting costs uk, book design, book design service, book design service uk, how to format a book, book formatting, cheap book formatting service, cheap book formatting, cheap book design, cheap interior book design, how much should I pay for book design, how much should I pay for book formatting, how much should I pay for interior book design, interior book layout, book layout, interior book layout service, book layout service, dark romance writer, dark romance books, dark romance lover, bad boy romance, bad boy romance book, romance writer, romance book, London romance, London romance book, celebrity romance, celebrity romance book, contemporary romance, contemporary romance book, contemporary romance writer, contemporary romance books, dark romance book, bad boy romance books, Austrian writer, Austrian author, german writer, german author, bilingual writer, bilingual author, cute romance, cute romance book, cute romance books\" \/>\n<meta name=\"robots\" content=\"index, follow, max-snippet:-1, max-image-preview:large, max-video-preview:-1\" \/>\n<link rel=\"canonical\" href=\"https:\/\/sserpente.com\/index.php\/about\/\" \/>\n<meta property=\"og:locale\" content=\"en_US\" \/>\n<meta property=\"og:type\" content=\"article\" \/>\n<meta property=\"og:title\" content=\"About me \ud83d\udc0d - S Serpente\" \/>\n<meta property=\"og:description\" content=\"book formatting, book formatting service, book formatting services, book formatting service uk, book formatting services uk, interior book design, interior book design service, interior book design services, formatting for self-publishers, book design services for self-publishers, how much does formatting your book cost, book formatting costs, book formatting costs uk, book design, book design service, book design service uk, how to format a book, book formatting, cheap book formatting service, cheap book formatting, cheap book design, cheap interior book design, how much should I pay for book design, how much should I pay for book formatting, how much should I pay for interior book design, interior book layout, book layout, interior book layout service, book layout service, dark romance writer, dark romance books, dark romance lover, bad boy romance, bad boy romance book, romance writer, romance book, London romance, London romance book, celebrity romance, celebrity romance book, contemporary romance, contemporary romance book, contemporary romance writer, contemporary romance books, dark romance book, bad boy romance books, Austrian writer, Austrian author, german writer, german author, bilingual writer, bilingual author, cute romance, cute romance book, cute romance books\" \/>\n<meta property=\"og:url\" content=\"https:\/\/sserpente.com\/index.php\/about\/\" \/>\n<meta property=\"og:site_name\" content=\"S Serpente\" \/>\n<meta property=\"article:modified_time\" content=\"2025-05-19T15:46:20+00:00\" \/>\n<meta name=\"twitter:card\" content=\"summary_large_image\" \/>\n<meta name=\"twitter:label1\" content=\"Est. reading time\" \/>\n\t<meta name=\"twitter:data1\" content=\"3 minutes\" \/>\n<script type=\"application\/ld+json\" class=\"yoast-schema-graph\">{\"@context\":\"https:\/\/schema.org\",\"@graph\":[{\"@type\":\"WebPage\",\"@id\":\"https:\/\/sserpente.com\/index.php\/about\/\",\"url\":\"https:\/\/sserpente.com\/index.php\/about\/\",\"name\":\"About me \ud83d\udc0d - S Serpente\",\"isPartOf\":{\"@id\":\"https:\/\/sserpente.com\/#website\"},\"primaryImageOfPage\":{\"@id\":\"https:\/\/sserpente.com\/index.php\/about\/#primaryimage\"},\"image\":{\"@id\":\"https:\/\/sserpente.com\/index.php\/about\/#primaryimage\"},\"thumbnailUrl\":\"\",\"datePublished\":\"2020-08-09T20:19:19+00:00\",\"dateModified\":\"2025-05-19T15:46:20+00:00\",\"description\":\"book formatting, book formatting service, book formatting services, book formatting service uk, book formatting services uk, interior book design, interior book design service, interior book design services, formatting for self-publishers, book design services for self-publishers, how much does formatting your book cost, book formatting costs, book formatting costs uk, book design, book design service, book design service uk, how to format a book, book formatting, cheap book formatting service, cheap book formatting, cheap book design, cheap interior book design, how much should I pay for book design, how much should I pay for book formatting, how much should I pay for interior book design, interior book layout, book layout, interior book layout service, book layout service, dark romance writer, dark romance books, dark romance lover, bad boy romance, bad boy romance book, romance writer, romance book, London romance, London romance book, celebrity romance, celebrity romance book, contemporary romance, contemporary romance book, contemporary romance writer, contemporary romance books, dark romance book, bad boy romance books, Austrian writer, Austrian author, german writer, german author, bilingual writer, bilingual author, cute romance, cute romance book, cute romance books\",\"breadcrumb\":{\"@id\":\"https:\/\/sserpente.com\/index.php\/about\/#breadcrumb\"},\"inLanguage\":\"en-US\",\"potentialAction\":[{\"@type\":\"ReadAction\",\"target\":[\"https:\/\/sserpente.com\/index.php\/about\/\"]}]},{\"@type\":\"ImageObject\",\"inLanguage\":\"en-US\",\"@id\":\"https:\/\/sserpente.com\/index.php\/about\/#primaryimage\",\"url\":\"\",\"contentUrl\":\"\"},{\"@type\":\"BreadcrumbList\",\"@id\":\"https:\/\/sserpente.com\/index.php\/about\/#breadcrumb\",\"itemListElement\":[{\"@type\":\"ListItem\",\"position\":1,\"name\":\"Home\",\"item\":\"https:\/\/sserpente.com\/\"},{\"@type\":\"ListItem\",\"position\":2,\"name\":\"About me \ud83d\udc0d\"}]},{\"@type\":\"WebSite\",\"@id\":\"https:\/\/sserpente.com\/#website\",\"url\":\"https:\/\/sserpente.com\/\",\"name\":\"S Serpente\",\"description\":\"\",\"publisher\":{\"@id\":\"https:\/\/sserpente.com\/#\/schema\/person\/bcf52de5dc49a8ca9e56c4d7eedd47f9\"},\"potentialAction\":[{\"@type\":\"SearchAction\",\"target\":{\"@type\":\"EntryPoint\",\"urlTemplate\":\"https:\/\/sserpente.com\/?s={search_term_string}\"},\"query-input\":{\"@type\":\"PropertyValueSpecification\",\"valueRequired\":true,\"valueName\":\"search_term_string\"}}],\"inLanguage\":\"en-US\"},{\"@type\":[\"Person\",\"Organization\"],\"@id\":\"https:\/\/sserpente.com\/#\/schema\/person\/bcf52de5dc49a8ca9e56c4d7eedd47f9\",\"name\":\"sserpente\",\"image\":{\"@type\":\"ImageObject\",\"inLanguage\":\"en-US\",\"@id\":\"https:\/\/sserpente.com\/#\/schema\/person\/image\/\",\"url\":\"https:\/\/secure.gravatar.com\/avatar\/aae43cd2e08be96e1cc5da5ee33ffe325a1411151de275727aef46cfa8ce5cd6?s=96&d=mm&r=g\",\"contentUrl\":\"https:\/\/secure.gravatar.com\/avatar\/aae43cd2e08be96e1cc5da5ee33ffe325a1411151de275727aef46cfa8ce5cd6?s=96&d=mm&r=g\",\"caption\":\"sserpente\"},\"logo\":{\"@id\":\"https:\/\/sserpente.com\/#\/schema\/person\/image\/\"},\"sameAs\":[\"https:\/\/sserpente.com\"]}]}<\/script>\n<!-- \/ Yoast SEO plugin. -->","yoast_head_json":{"title":"About me \ud83d\udc0d - S Serpente","description":"book formatting, book formatting service, book formatting services, book formatting service uk, book formatting services uk, interior book design, interior book design service, interior book design services, formatting for self-publishers, book design services for self-publishers, how much does formatting your book cost, book formatting costs, book formatting costs uk, book design, book design service, book design service uk, how to format a book, book formatting, cheap book formatting service, cheap book formatting, cheap book design, cheap interior book design, how much should I pay for book design, how much should I pay for book formatting, how much should I pay for interior book design, interior book layout, book layout, interior book layout service, book layout service, dark romance writer, dark romance books, dark romance lover, bad boy romance, bad boy romance book, romance writer, romance book, London romance, London romance book, celebrity romance, celebrity romance book, contemporary romance, contemporary romance book, contemporary romance writer, contemporary romance books, dark romance book, bad boy romance books, Austrian writer, Austrian author, german writer, german author, bilingual writer, bilingual author, cute romance, cute romance book, cute romance books","robots":{"index":"index","follow":"follow","max-snippet":"max-snippet:-1","max-image-preview":"max-image-preview:large","max-video-preview":"max-video-preview:-1"},"canonical":"https:\/\/sserpente.com\/index.php\/about\/","og_locale":"en_US","og_type":"article","og_title":"About me \ud83d\udc0d - S Serpente","og_description":"book formatting, book formatting service, book formatting services, book formatting service uk, book formatting services uk, interior book design, interior book design service, interior book design services, formatting for self-publishers, book design services for self-publishers, how much does formatting your book cost, book formatting costs, book formatting costs uk, book design, book design service, book design service uk, how to format a book, book formatting, cheap book formatting service, cheap book formatting, cheap book design, cheap interior book design, how much should I pay for book design, how much should I pay for book formatting, how much should I pay for interior book design, interior book layout, book layout, interior book layout service, book layout service, dark romance writer, dark romance books, dark romance lover, bad boy romance, bad boy romance book, romance writer, romance book, London romance, London romance book, celebrity romance, celebrity romance book, contemporary romance, contemporary romance book, contemporary romance writer, contemporary romance books, dark romance book, bad boy romance books, Austrian writer, Austrian author, german writer, german author, bilingual writer, bilingual author, cute romance, cute romance book, cute romance books","og_url":"https:\/\/sserpente.com\/index.php\/about\/","og_site_name":"S Serpente","article_modified_time":"2025-05-19T15:46:20+00:00","twitter_card":"summary_large_image","twitter_misc":{"Est. reading time":"3 minutes"},"schema":{"@context":"https:\/\/schema.org","@graph":[{"@type":"WebPage","@id":"https:\/\/sserpente.com\/index.php\/about\/","url":"https:\/\/sserpente.com\/index.php\/about\/","name":"About me \ud83d\udc0d - S Serpente","isPartOf":{"@id":"https:\/\/sserpente.com\/#website"},"primaryImageOfPage":{"@id":"https:\/\/sserpente.com\/index.php\/about\/#primaryimage"},"image":{"@id":"https:\/\/sserpente.com\/index.php\/about\/#primaryimage"},"thumbnailUrl":"","datePublished":"2020-08-09T20:19:19+00:00","dateModified":"2025-05-19T15:46:20+00:00","description":"book formatting, book formatting service, book formatting services, book formatting service uk, book formatting services uk, interior book design, interior book design service, interior book design services, formatting for self-publishers, book design services for self-publishers, how much does formatting your book cost, book formatting costs, book formatting costs uk, book design, book design service, book design service uk, how to format a book, book formatting, cheap book formatting service, cheap book formatting, cheap book design, cheap interior book design, how much should I pay for book design, how much should I pay for book formatting, how much should I pay for interior book design, interior book layout, book layout, interior book layout service, book layout service, dark romance writer, dark romance books, dark romance lover, bad boy romance, bad boy romance book, romance writer, romance book, London romance, London romance book, celebrity romance, celebrity romance book, contemporary romance, contemporary romance book, contemporary romance writer, contemporary romance books, dark romance book, bad boy romance books, Austrian writer, Austrian author, german writer, german author, bilingual writer, bilingual author, cute romance, cute romance book, cute romance books","breadcrumb":{"@id":"https:\/\/sserpente.com\/index.php\/about\/#breadcrumb"},"inLanguage":"en-US","potentialAction":[{"@type":"ReadAction","target":["https:\/\/sserpente.com\/index.php\/about\/"]}]},{"@type":"ImageObject","inLanguage":"en-US","@id":"https:\/\/sserpente.com\/index.php\/about\/#primaryimage","url":"","contentUrl":""},{"@type":"BreadcrumbList","@id":"https:\/\/sserpente.com\/index.php\/about\/#breadcrumb","itemListElement":[{"@type":"ListItem","position":1,"name":"Home","item":"https:\/\/sserpente.com\/"},{"@type":"ListItem","position":2,"name":"About me \ud83d\udc0d"}]},{"@type":"WebSite","@id":"https:\/\/sserpente.com\/#website","url":"https:\/\/sserpente.com\/","name":"S Serpente","description":"","publisher":{"@id":"https:\/\/sserpente.com\/#\/schema\/person\/bcf52de5dc49a8ca9e56c4d7eedd47f9"},"potentialAction":[{"@type":"SearchAction","target":{"@type":"EntryPoint","urlTemplate":"https:\/\/sserpente.com\/?s={search_term_string}"},"query-input":{"@type":"PropertyValueSpecification","valueRequired":true,"valueName":"search_term_string"}}],"inLanguage":"en-US"},{"@type":["Person","Organization"],"@id":"https:\/\/sserpente.com\/#\/schema\/person\/bcf52de5dc49a8ca9e56c4d7eedd47f9","name":"sserpente","image":{"@type":"ImageObject","inLanguage":"en-US","@id":"https:\/\/sserpente.com\/#\/schema\/person\/image\/","url":"https:\/\/secure.gravatar.com\/avatar\/aae43cd2e08be96e1cc5da5ee33ffe325a1411151de275727aef46cfa8ce5cd6?s=96&d=mm&r=g","contentUrl":"https:\/\/secure.gravatar.com\/avatar\/aae43cd2e08be96e1cc5da5ee33ffe325a1411151de275727aef46cfa8ce5cd6?s=96&d=mm&r=g","caption":"sserpente"},"logo":{"@id":"https:\/\/sserpente.com\/#\/schema\/person\/image\/"},"sameAs":["https:\/\/sserpente.com"]}]}},"jetpack_sharing_enabled":false,"_links":{"self":[{"href":"https:\/\/sserpente.com\/index.php\/wp-json\/wp\/v2\/pages\/10","targetHints":{"allow":["GET"]}}],"collection":[{"href":"https:\/\/sserpente.com\/index.php\/wp-json\/wp\/v2\/pages"}],"about":[{"href":"https:\/\/sserpente.com\/index.php\/wp-json\/wp\/v2\/types\/page"}],"author":[{"embeddable":true,"href":"https:\/\/sserpente.com\/index.php\/wp-json\/wp\/v2\/users\/1"}],"replies":[{"embeddable":true,"href":"https:\/\/sserpente.com\/index.php\/wp-json\/wp\/v2\/comments?post=10"}],"version-history":[{"count":5,"href":"https:\/\/sserpente.com\/index.php\/wp-json\/wp\/v2\/pages\/10\/revisions"}],"predecessor-version":[{"id":442,"href":"https:\/\/sserpente.com\/index.php\/wp-json\/wp\/v2\/pages\/10\/revisions\/442"}],"wp:featuredmedia":[{"embeddable":true,"href":"https:\/\/sserpente.com\/index.php\/wp-json\/"}],"wp:attachment":[{"href":"https:\/\/sserpente.com\/index.php\/wp-json\/wp\/v2\/media?parent=10"}],"curies":[{"name":"wp","href":"https:\/\/api.w.org\/{rel}","templated":true}]}}